{"id":98,"date":"2021-11-10T16:55:22","date_gmt":"2021-11-10T14:55:22","guid":{"rendered":"http:\/\/hautsache-stumpe.de\/?page_id=98"},"modified":"2023-12-05T04:53:17","modified_gmt":"2023-12-05T02:53:17","slug":"impressum","status":"publish","type":"page","link":"https:\/\/hautsache-stumpe.de\/","title":{"rendered":"Impressum"},"content":{"rendered":"\n<h3 class=\"wp-block-heading\">Impressum<\/h3>\n\n\n\n<p>Mit der Buchung eines Termins erkennen Sie unsere AGB an.<\/p>\n\n\n\n<p>Maren Stumpe<br>Kosmetikinstitut Hautsache<br>Weingasse 6<br>72488 Sigmaringen<br>Deutschland<\/p>\n\n\n\n<p>Telefon: 07571 743654<\/p>\n\n\n\n<p>E-Mail: info@hautsache-stumpe.de<\/p>\n\n\n\n<p>USt-IdNr.: DE357314453<\/p>\n\n\n\n<ol class=\"wp-block-list\">\n<li>Inhalt des Onlineangebotes<br>Alle Angebote sind freibleibend und unverbindlich. Kosmetikinstitut Hautsache beh\u00e4lt es sich ausdr\u00fccklich vor, Teile der Seiten oder das gesamte Angebot ohne gesonderte Ank\u00fcndigung zu ver\u00e4ndern, zu erg\u00e4nzen, zu l\u00f6schen oder die Ver\u00f6ffentlichung zeitweise oder endg\u00fcltig einzustellen.<\/li>\n\n\n\n<li>Verweise und Links<br>F\u00fcr den Inhalt der Web Seiten, die durch Hyperlinks von Seiten von Kosmetikinstitut Hautsache direkt oder indirekt erreichbar sind, ist Kosmetikinstitut Hautsache nicht verantwortlich.<\/li>\n\n\n\n<li>Urheber- und Kennzeichenrecht<br>Alle innerhalb des Internetangebotes genannten und ggf. durch Dritte gesch\u00fctzten Marken- und Warenzeichen unterliegen uneingeschr\u00e4nkt den Bestimmungen des jeweils g\u00fcltigen Kennzeichenrechts und den Besitzrechten der jeweiligen eingetragenen Eigent\u00fcmer. Das Copyright f\u00fcr ver\u00f6ffentlichte, von Kosmetikinstitut Hautsache selbst erstellte Objekte bleibt allein bei Kosmetikinstitut Hautsache. Eine Vervielf\u00e4ltigung oder Verwendung solcher Grafiken und Texten in anderen elektronischen oder gedruckten Publikationen ist ohne ausdr\u00fcckliche Zustimmung der Kosmetikinstitut Hautsache nicht gestattet.<\/li>\n<\/ol>\n","protected":false},"excerpt":{"rendered":"<p>Impressum Mit der Buchung eines Termins erkennen Sie unsere AGB an. Maren StumpeKosmetikinstitut HautsacheWeingasse 672488 SigmaringenDeutschland Telefon: 07571 743654 E-Mail: info@hautsache-stumpe.de USt-IdNr.: DE357314453<\/p>\n","protected":false},"author":4,"featured_media":0,"parent":0,"menu_order":0,"comment_status":"closed","ping_status":"closed","template":"single-page.php","meta":{"footnotes":""},"class_list":["post-98","page","type-page","status-publish","hentry"],"yoast_head":"<!-- This site is optimized with the Yoast SEO plugin v27.3 - https:\/\/yoast.com\/product\/yoast-seo-wordpress\/ -->\n<title>Impressum - Hautsache Stumpe - Exclusives Kosmetikstudio<\/title>\n<meta name=\"robots\" content=\"index, follow, max-snippet:-1, max-image-preview:large, max-video-preview:-1\" \/>\n<link rel=\"canonical\" href=\"https:\/\/hautsache-stumpe.de\/\" \/>\n<meta property=\"og:locale\" content=\"de_DE\" \/>\n<meta property=\"og:type\" content=\"article\" \/>\n<meta property=\"og:title\" content=\"Impressum - Hautsache Stumpe - Exclusives Kosmetikstudio\" \/>\n<meta property=\"og:description\" content=\"Impressum Mit der Buchung eines Termins erkennen Sie unsere AGB an. Maren StumpeKosmetikinstitut HautsacheWeingasse 672488 SigmaringenDeutschland Telefon: 07571 743654 E-Mail: info@hautsache-stumpe.de USt-IdNr.: DE357314453\" \/>\n<meta property=\"og:url\" content=\"https:\/\/hautsache-stumpe.de\/\" \/>\n<meta property=\"og:site_name\" content=\"Hautsache Stumpe - Exclusives Kosmetikstudio\" \/>\n<meta property=\"article:modified_time\" content=\"2023-12-05T02:53:17+00:00\" \/>\n<meta name=\"twitter:card\" content=\"summary_large_image\" \/>\n<meta name=\"twitter:label1\" content=\"Gesch\u00e4tzte Lesezeit\" \/>\n\t<meta name=\"twitter:data1\" content=\"1\u00a0Minute\" \/>\n<script type=\"application\/ld+json\" class=\"yoast-schema-graph\">{\"@context\":\"https:\\\/\\\/schema.org\",\"@graph\":[{\"@type\":\"WebPage\",\"@id\":\"https:\\\/\\\/hautsache-stumpe.de\\\/\",\"url\":\"https:\\\/\\\/hautsache-stumpe.de\\\/\",\"name\":\"Impressum - Hautsache Stumpe - Exclusives Kosmetikstudio\",\"isPartOf\":{\"@id\":\"https:\\\/\\\/hautsache-stumpe.de\\\/#website\"},\"datePublished\":\"2021-11-10T14:55:22+00:00\",\"dateModified\":\"2023-12-05T02:53:17+00:00\",\"breadcrumb\":{\"@id\":\"https:\\\/\\\/hautsache-stumpe.de\\\/#breadcrumb\"},\"inLanguage\":\"de\",\"potentialAction\":[{\"@type\":\"ReadAction\",\"target\":[\"https:\\\/\\\/hautsache-stumpe.de\\\/\"]}]},{\"@type\":\"BreadcrumbList\",\"@id\":\"https:\\\/\\\/hautsache-stumpe.de\\\/#breadcrumb\",\"itemListElement\":[{\"@type\":\"ListItem\",\"position\":1,\"name\":\"Startseite\",\"item\":\"https:\\\/\\\/hautsache-stumpe.de\\\/\"},{\"@type\":\"ListItem\",\"position\":2,\"name\":\"Impressum\"}]},{\"@type\":\"WebSite\",\"@id\":\"https:\\\/\\\/hautsache-stumpe.de\\\/#website\",\"url\":\"https:\\\/\\\/hautsache-stumpe.de\\\/\",\"name\":\"Hautsache Stumpe - Exclusives Kosmetikstudio\",\"description\":\"\",\"potentialAction\":[{\"@type\":\"SearchAction\",\"target\":{\"@type\":\"EntryPoint\",\"urlTemplate\":\"https:\\\/\\\/hautsache-stumpe.de\\\/?s={search_term_string}\"},\"query-input\":{\"@type\":\"PropertyValueSpecification\",\"valueRequired\":true,\"valueName\":\"search_term_string\"}}],\"inLanguage\":\"de\"}]}<\/script>\n<!-- \/ Yoast SEO plugin. -->","yoast_head_json":{"title":"Impressum - Hautsache Stumpe - Exclusives Kosmetikstudio","robots":{"index":"index","follow":"follow","max-snippet":"max-snippet:-1","max-image-preview":"max-image-preview:large","max-video-preview":"max-video-preview:-1"},"canonical":"https:\/\/hautsache-stumpe.de\/","og_locale":"de_DE","og_type":"article","og_title":"Impressum - Hautsache Stumpe - Exclusives Kosmetikstudio","og_description":"Impressum Mit der Buchung eines Termins erkennen Sie unsere AGB an. Maren StumpeKosmetikinstitut HautsacheWeingasse 672488 SigmaringenDeutschland Telefon: 07571 743654 E-Mail: info@hautsache-stumpe.de USt-IdNr.: DE357314453","og_url":"https:\/\/hautsache-stumpe.de\/","og_site_name":"Hautsache Stumpe - Exclusives Kosmetikstudio","article_modified_time":"2023-12-05T02:53:17+00:00","twitter_card":"summary_large_image","twitter_misc":{"Gesch\u00e4tzte Lesezeit":"1\u00a0Minute"},"schema":{"@context":"https:\/\/schema.org","@graph":[{"@type":"WebPage","@id":"https:\/\/hautsache-stumpe.de\/","url":"https:\/\/hautsache-stumpe.de\/","name":"Impressum - Hautsache Stumpe - Exclusives Kosmetikstudio","isPartOf":{"@id":"https:\/\/hautsache-stumpe.de\/#website"},"datePublished":"2021-11-10T14:55:22+00:00","dateModified":"2023-12-05T02:53:17+00:00","breadcrumb":{"@id":"https:\/\/hautsache-stumpe.de\/#breadcrumb"},"inLanguage":"de","potentialAction":[{"@type":"ReadAction","target":["https:\/\/hautsache-stumpe.de\/"]}]},{"@type":"BreadcrumbList","@id":"https:\/\/hautsache-stumpe.de\/#breadcrumb","itemListElement":[{"@type":"ListItem","position":1,"name":"Startseite","item":"https:\/\/hautsache-stumpe.de\/"},{"@type":"ListItem","position":2,"name":"Impressum"}]},{"@type":"WebSite","@id":"https:\/\/hautsache-stumpe.de\/#website","url":"https:\/\/hautsache-stumpe.de\/","name":"Hautsache Stumpe - Exclusives Kosmetikstudio","description":"","potentialAction":[{"@type":"SearchAction","target":{"@type":"EntryPoint","urlTemplate":"https:\/\/hautsache-stumpe.de\/?s={search_term_string}"},"query-input":{"@type":"PropertyValueSpecification","valueRequired":true,"valueName":"search_term_string"}}],"inLanguage":"de"}]}},"_links":{"self":[{"href":"https:\/\/hautsache-stumpe.de\/index.php?rest_route=\/wp\/v2\/pages\/98","targetHints":{"allow":["GET"]}}],"collection":[{"href":"https:\/\/hautsache-stumpe.de\/index.php?rest_route=\/wp\/v2\/pages"}],"about":[{"href":"https:\/\/hautsache-stumpe.de\/index.php?rest_route=\/wp\/v2\/types\/page"}],"author":[{"embeddable":true,"href":"https:\/\/hautsache-stumpe.de\/index.php?rest_route=\/wp\/v2\/users\/4"}],"replies":[{"embeddable":true,"href":"https:\/\/hautsache-stumpe.de\/index.php?rest_route=%2Fwp%2Fv2%2Fcomments&post=98"}],"version-history":[{"count":6,"href":"https:\/\/hautsache-stumpe.de\/index.php?rest_route=\/wp\/v2\/pages\/98\/revisions"}],"predecessor-version":[{"id":153,"href":"https:\/\/hautsache-stumpe.de\/index.php?rest_route=\/wp\/v2\/pages\/98\/revisions\/153"}],"wp:attachment":[{"href":"https:\/\/hautsache-stumpe.de\/index.php?rest_route=%2Fwp%2Fv2%2Fmedia&parent=98"}],"curies":[{"name":"wp","href":"https:\/\/api.w.org\/{rel}","templated":true}]}}